{"id":93,"date":"2017-07-06T13:29:20","date_gmt":"2017-07-06T13:29:20","guid":{"rendered":"https:\/\/www.maisonmilan.fr\/?page_id=93"},"modified":"2024-09-12T17:14:29","modified_gmt":"2024-09-12T17:14:29","slug":"contacts","status":"publish","type":"page","link":"https:\/\/www.maisonmilan.fr\/?page_id=93","title":{"rendered":"Contacts"},"content":{"rendered":"<section class=\"wpb-content-wrapper\"><p>[vc_row][vc_column width=&#8221;1\/2&#8243;]<div id=\"sc_title_1769994281\"\r\n\t\tclass=\"sc_title color_style_default sc_title_default\"><h3 class=\"sc_item_title sc_title_title sc_align_left sc_item_title_style_default sc_item_title_tag\">Envoyez nous un message<\/h3><\/div><!-- \/.sc_title -->[vc_empty_space alter_height=&#8221;small&#8221; hide_on_desktop=&#8221;&#8221; hide_on_notebook=&#8221;&#8221; hide_on_tablet=&#8221;&#8221; hide_on_mobile=&#8221;&#8221;]\n<div class=\"wpcf7 no-js\" id=\"wpcf7-f948-o1\" lang=\"en-US\" dir=\"ltr\">\n<div class=\"screen-reader-response\"><p role=\"status\" aria-live=\"polite\" aria-atomic=\"true\"><\/p> <ul><\/ul><\/div>\n<form action=\"\/index.php?rest_route=%2Fwp%2Fv2%2Fpages%2F93#wpcf7-f948-o1\" method=\"post\" class=\"wpcf7-form init\" aria-label=\"Contact form\" novalidate=\"novalidate\" data-status=\"init\">\n<div style=\"display: none;\">\n<input type=\"hidden\" name=\"_wpcf7\" value=\"948\" \/>\n<input type=\"hidden\" name=\"_wpcf7_version\" value=\"5.9.8\" \/>\n<input type=\"hidden\" name=\"_wpcf7_locale\" value=\"en_US\" \/>\n<input type=\"hidden\" name=\"_wpcf7_unit_tag\" value=\"wpcf7-f948-o1\" \/>\n<input type=\"hidden\" name=\"_wpcf7_container_post\" value=\"0\" \/>\n<input type=\"hidden\" name=\"_wpcf7_posted_data_hash\" value=\"\" \/>\n<\/div>\n<div class=\"columns_wrap\">\n\t<div class=\"column-1_2\">\n\t\t<p><span class=\"wpcf7-form-control-wrap\" data-name=\"your-name\"><input size=\"40\" maxlength=\"400\" class=\"wpcf7-form-control wpcf7-text wpcf7-validates-as-required\" aria-required=\"true\" aria-invalid=\"false\" placeholder=\"Nom et pr\u00e9nom\" value=\"\" type=\"text\" name=\"your-name\" \/><\/span>\n\t\t<\/p>\n\t<\/div>\n\t<div class=\"column-1_2\">\n\t\t<p><span class=\"wpcf7-form-control-wrap\" data-name=\"your-email\"><input size=\"40\" maxlength=\"400\" class=\"wpcf7-form-control wpcf7-email wpcf7-validates-as-required wpcf7-text wpcf7-validates-as-email\" aria-required=\"true\" aria-invalid=\"false\" placeholder=\"E-mail\" value=\"\" type=\"email\" name=\"your-email\" \/><\/span>\n\t\t<\/p>\n\t<\/div>\n<\/div>\n<div>\n\t<p><span class=\"wpcf7-form-control-wrap\" data-name=\"your-message\"><textarea cols=\"40\" rows=\"10\" maxlength=\"2000\" class=\"wpcf7-form-control wpcf7-textarea\" aria-invalid=\"false\" placeholder=\"Message\" name=\"your-message\"><\/textarea><\/span>\n\t<\/p>\n<\/div>\n<p><span class=\"wpcf7-form-control-wrap\" data-name=\"acceptance-157\"><span class=\"wpcf7-form-control wpcf7-acceptance\"><span class=\"wpcf7-list-item\"><label><input type=\"checkbox\" name=\"acceptance-157\" value=\"1\" aria-invalid=\"false\" \/><span class=\"wpcf7-list-item-label\">J'accepte que mes donn\u00e9es soumises soient collect\u00e9es et stock\u00e9es.<\/span><\/label><\/span><\/span><\/span>\n<\/p>\n<p><input class=\"wpcf7-form-control wpcf7-submit has-spinner\" type=\"submit\" value=\"Envoyer\" \/>\n<\/p><div class=\"wpcf7-response-output\" aria-hidden=\"true\"><\/div>\n<\/form>\n<\/div>\n[\/vc_column][vc_column width=&#8221;5\/12&#8243; offset=&#8221;vc_col-sm-offset-1&#8243;][vc_empty_space alter_height=&#8221;medium&#8221; hide_on_desktop=&#8221;1&#8243; hide_on_notebook=&#8221;1&#8243; hide_on_tablet=&#8221;1&#8243; hide_on_mobile=&#8221;&#8221;][vc_column_text]<\/p>\n<h3>Contact<\/h3>\n<p><span class=\"trx_addons_contact_title\"><span class=\"icon-location-1\">\u00a0<\/span>Adresse<\/span><br \/>\n<span class=\"trx_addons_contact_descr\">28 Rue Georges Lebigot<\/span><br \/>\n<span class=\"trx_addons_contact_descr\"> 94800 Villejuif<\/span><\/p>\n<p><span class=\"trx_addons_contact_title\"><span class=\"icon-phone-1\">\u00a0<\/span>T\u00e9l\u00e9phone<\/span><br \/>\n<span class=\"trx_addons_contact_descr\">T\u00e9l : <a href=\"tel:01 46 76 01 85\">01 46 76 01 85<\/a><\/span><\/p>\n<p><span class=\"trx_addons_contact_title\"><span class=\"icon-clock-1\">\u00a0<\/span>Horaires<\/span><br \/>\n<span class=\"trx_addons_contact_descr\">Mar-Sam 9h30 &#8211; 19h30 <\/span>[\/vc_column_text][\/vc_column][\/vc_row][vc_row full_width=&#8221;stretch_row_content_no_spaces&#8221; equal_height=&#8221;yes&#8221;][vc_column icons_position=&#8221;left&#8221;][vc_empty_space alter_height=&#8221;huge&#8221; hide_on_desktop=&#8221;&#8221; hide_on_notebook=&#8221;&#8221; hide_on_tablet=&#8221;&#8221; hide_on_mobile=&#8221;&#8221; css=&#8221;.vc_custom_1506692565512{margin-top: -1rem !important;}&#8221;]<div id=\"sc_googlemap_1920936215_wrap\" class=\"sc_googlemap_wrap\"><div id=\"sc_googlemap_1920936215\"\r\n\t\t\tclass=\"sc_googlemap sc_googlemap_default\"\r\n\t\t\t style=\"width:100%;height:476px;\"\t\t\tdata-zoom=\"12\"\r\n\t\t\tdata-style=\"dark\"\r\n\t\t\tdata-cluster-icon=\"\"\r\n        ><iframe\r\n                    src=\"https:\/\/maps.google.com\/maps?t=m&output=embed&iwloc=near&z=12&q=28+Rue+Georges+Lebigot%2C+94800+Villejuif\"\r\n                    scrolling=\"no\"\r\n                    marginheight=\"0\"\r\n                    marginwidth=\"0\"\r\n                    frameborder=\"0\"\r\n                    aria-label=\"\"><\/iframe><\/div><\/div><!-- \/.sc_googlemap_wrap -->[\/vc_column][\/vc_row][vc_row][vc_column][\/vc_column][\/vc_row]<\/p>\n<\/section>","protected":false},"excerpt":{"rendered":"<p>[vc_row][vc_column width=&#8221;1\/2&#8243;][vc_empty_space alter_height=&#8221;small&#8221; hide_on_desktop=&#8221;&#8221; hide_on_notebook=&#8221;&#8221; hide_on_tablet=&#8221;&#8221; hide_on_mobile=&#8221;&#8221;][\/vc_column][vc_column width=&#8221;5\/12&#8243; offset=&#8221;vc_col-sm-offset-1&#8243;][vc_empty_space alter_height=&#8221;medium&#8221; hide_on_desktop=&#8221;1&#8243; hide_on_notebook=&#8221;1&#8243; hide_on_tablet=&#8221;1&#8243; hide_on_mobile=&#8221;&#8221;][vc_column_text] Contact \u00a0Adresse 28 Rue Georges Lebigot 94800 Villejuif \u00a0T\u00e9l\u00e9phone T\u00e9l : 01 46 76 01 85 \u00a0Horaires Mar-Sam 9h30 &#8211; 19h30 [\/vc_column_text][\/vc_column][\/vc_row][vc_row full_width=&#8221;stretch_row_content_no_spaces&#8221; equal_height=&#8221;yes&#8221;][vc_column icons_position=&#8221;left&#8221;][vc_empty_space alter_height=&#8221;huge&#8221; hide_on_desktop=&#8221;&#8221; hide_on_notebook=&#8221;&#8221; hide_on_tablet=&#8221;&#8221; hide_on_mobile=&#8221;&#8221; css=&#8221;.vc_custom_1506692565512{margin-top: -1rem !important;}&#8221;][\/vc_column][\/vc_row][vc_row][vc_column][\/vc_column][\/vc_row]<\/p>\n","protected":false},"author":1,"featured_media":0,"parent":0,"menu_order":0,"comment_status":"closed","ping_status":"closed","template":"","meta":{"footnotes":""},"class_list":["post-93","page","type-page","status-publish","hentry"],"_links":{"self":[{"href":"https:\/\/www.maisonmilan.fr\/index.php?rest_route=\/wp\/v2\/pages\/93","targetHints":{"allow":["GET"]}}],"collection":[{"href":"https:\/\/www.maisonmilan.fr\/index.php?rest_route=\/wp\/v2\/pages"}],"about":[{"href":"https:\/\/www.maisonmilan.fr\/index.php?rest_route=\/wp\/v2\/types\/page"}],"author":[{"embeddable":true,"href":"https:\/\/www.maisonmilan.fr\/index.php?rest_route=\/wp\/v2\/users\/1"}],"replies":[{"embeddable":true,"href":"https:\/\/www.maisonmilan.fr\/index.php?rest_route=%2Fwp%2Fv2%2Fcomments&post=93"}],"version-history":[{"count":8,"href":"https:\/\/www.maisonmilan.fr\/index.php?rest_route=\/wp\/v2\/pages\/93\/revisions"}],"predecessor-version":[{"id":1109,"href":"https:\/\/www.maisonmilan.fr\/index.php?rest_route=\/wp\/v2\/pages\/93\/revisions\/1109"}],"wp:attachment":[{"href":"https:\/\/www.maisonmilan.fr\/index.php?rest_route=%2Fwp%2Fv2%2Fmedia&parent=93"}],"curies":[{"name":"wp","href":"https:\/\/api.w.org\/{rel}","templated":true}]}}